{"id":18,"date":"2018-04-23T14:47:11","date_gmt":"2018-04-23T12:47:11","guid":{"rendered":"http:\/\/coupedecale.be\/?page_id=18"},"modified":"2021-10-31T21:18:11","modified_gmt":"2021-10-31T20:18:11","slug":"contact","status":"publish","type":"page","link":"https:\/\/coupedecale.be\/en\/contact\/","title":{"rendered":"Contact"},"content":{"rendered":"<p><strong><code>[pirate_forms]<\/code><\/strong><\/p>\n<p><a href=\"https:\/\/www.facebook.com\/Coup\u00e9-D\u00e9cal\u00e9-1720220134891664\/\">Facebook<\/a><\/p>\n<p><a href=\"mailto:coupedecalefestival@gmail.com\" target=\"_blank\" rel=\"noopener\">coupedecalefestival@gmail.com<\/a><\/p>","protected":false},"excerpt":{"rendered":"[pirate_forms] Facebook coupedecalefestival@gmail.com","protected":false},"author":1,"featured_media":507,"parent":0,"menu_order":0,"comment_status":"closed","ping_status":"closed","template":"","meta":[],"_links":{"self":[{"href":"https:\/\/coupedecale.be\/en\/wp-json\/wp\/v2\/pages\/18"}],"collection":[{"href":"https:\/\/coupedecale.be\/en\/wp-json\/wp\/v2\/pages"}],"about":[{"href":"https:\/\/coupedecale.be\/en\/wp-json\/wp\/v2\/types\/page"}],"author":[{"embeddable":true,"href":"https:\/\/coupedecale.be\/en\/wp-json\/wp\/v2\/users\/1"}],"replies":[{"embeddable":true,"href":"https:\/\/coupedecale.be\/en\/wp-json\/wp\/v2\/comments?post=18"}],"version-history":[{"count":6,"href":"https:\/\/coupedecale.be\/en\/wp-json\/wp\/v2\/pages\/18\/revisions"}],"predecessor-version":[{"id":3474,"href":"https:\/\/coupedecale.be\/en\/wp-json\/wp\/v2\/pages\/18\/revisions\/3474"}],"wp:featuredmedia":[{"embeddable":true,"href":"https:\/\/coupedecale.be\/en\/wp-json\/wp\/v2\/media\/507"}],"wp:attachment":[{"href":"https:\/\/coupedecale.be\/en\/wp-json\/wp\/v2\/media?parent=18"}],"curies":[{"name":"wp","href":"https:\/\/api.w.org\/{rel}","templated":true}]}}